{"id":20,"date":"2024-05-27T22:46:08","date_gmt":"2024-05-27T19:46:08","guid":{"rendered":"https:\/\/www.surgerytimedental.com\/fr\/\/?page_id=20"},"modified":"2024-12-19T10:59:28","modified_gmt":"2024-12-19T07:59:28","slug":"a-propos-de-nous","status":"publish","type":"page","link":"https:\/\/www.surgerytimedental.com\/fr\/a-propos-de-nous\/","title":{"rendered":"\u00c0 Propos de Nous"},"content":{"rendered":"<p>Surgery Time Dental apporte 10 ans d&rsquo;exp\u00e9rience d&rsquo;Istanbul \u00e0 Rotterdam. Notre clinique, situ\u00e9e dans la ville de Capelle aan den IJssel, s&rsquo;efforce de fournir le plus haut niveau de service gr\u00e2ce \u00e0 une infrastructure m\u00e9dicale enti\u00e8rement \u00e9quip\u00e9e et des professionnels qualifi\u00e9s. Surgery Time Dental accompagne les patients recherchant des traitements de chirurgie dentaire transfrontaliers aux Pays-Bas.<\/p>\n<p>Nous nous effor\u00e7ons d&rsquo;assurer le bonheur de nos patients dans nos cliniques, \u00e0 la fois \u00e0 Istanbul et \u00e0 Rotterdam. Nous croyons que le droit le plus fondamental de nos patients est celui de se sentir bien, tant physiquement, mentalement que socialement.<\/p>\n","protected":false},"excerpt":{"rendered":"<p>Surgery Time Dental apporte 10 ans d&rsquo;exp\u00e9rience d&rsquo;Istanbul \u00e0 Rotterdam. Notre clinique, situ\u00e9e dans la ville de Capelle aan den IJssel, s&rsquo;efforce de fournir le plus haut niveau de service gr\u00e2ce \u00e0 une infrastructure m\u00e9dicale enti\u00e8rement \u00e9quip\u00e9e et des professionnels qualifi\u00e9s. Surgery Time Dental accompagne les patients recherchant des traitements de chirurgie dentaire transfrontaliers aux [&hellip;]<\/p>\n","protected":false},"author":1,"featured_media":0,"parent":0,"menu_order":0,"comment_status":"closed","ping_status":"closed","template":"template\/hakkimizda.php","meta":{"footnotes":""},"class_list":["post-20","page","type-page","status-publish","hentry"],"_links":{"self":[{"href":"https:\/\/www.surgerytimedental.com\/fr\/wp-json\/wp\/v2\/pages\/20","targetHints":{"allow":["GET"]}}],"collection":[{"href":"https:\/\/www.surgerytimedental.com\/fr\/wp-json\/wp\/v2\/pages"}],"about":[{"href":"https:\/\/www.surgerytimedental.com\/fr\/wp-json\/wp\/v2\/types\/page"}],"author":[{"embeddable":true,"href":"https:\/\/www.surgerytimedental.com\/fr\/wp-json\/wp\/v2\/users\/1"}],"replies":[{"embeddable":true,"href":"https:\/\/www.surgerytimedental.com\/fr\/wp-json\/wp\/v2\/comments?post=20"}],"version-history":[{"count":6,"href":"https:\/\/www.surgerytimedental.com\/fr\/wp-json\/wp\/v2\/pages\/20\/revisions"}],"predecessor-version":[{"id":970,"href":"https:\/\/www.surgerytimedental.com\/fr\/wp-json\/wp\/v2\/pages\/20\/revisions\/970"}],"wp:attachment":[{"href":"https:\/\/www.surgerytimedental.com\/fr\/wp-json\/wp\/v2\/media?parent=20"}],"curies":[{"name":"wp","href":"https:\/\/api.w.org\/{rel}","templated":true}]}}