{"id":474,"date":"2024-08-06T14:38:18","date_gmt":"2024-08-06T11:38:18","guid":{"rendered":"https:\/\/www.surgerytimedental.com\/fr\/\/?page_id=474"},"modified":"2024-12-19T11:02:16","modified_gmt":"2024-12-19T08:02:16","slug":"questions-frequentes","status":"publish","type":"page","link":"https:\/\/www.surgerytimedental.com\/fr\/questions-frequentes\/","title":{"rendered":"Questions Fr\u00e9quentes"},"content":{"rendered":"<h3>Combien de Jours Sont N\u00e9cessaires pour un Traitement Dentaire ?<\/h3>\n<p>Surprise ! La plupart des traitements dentaires peuvent \u00eatre compl\u00e9t\u00e9s dans la m\u00eame journ\u00e9e, sans les tracas des d\u00e9tails fastidieux ! Chez Surgery Time Dental, nous sommes l\u00e0 pour vous permettre de reprendre votre vie quotidienne d\u00e8s que possible apr\u00e8s votre traitement. Nous organisons un rendez-vous de suivi le lendemain pour surveiller votre r\u00e9tablissement. Pour des traitements plus approfondis, vous pourriez avoir besoin de nous rendre visite quelques fois de plus, mais ne vous inqui\u00e9tez pas ! Notre \u00e9quipe chaleureuse et une tasse de th\u00e9 seront toujours l\u00e0 pour vous accueillir.<\/p>\n<h3>Combien de Temps Dure un Traitement Dentaire ?<\/h3>\n<p>Seulement 1 \u00e0 3 heures \u2013 parfois m\u00eame moins ! Ne laissez pas la pens\u00e9e de longues heures vous emp\u00eacher de rechercher un traitement. Chez Surgery Time Dental, nous proposons un processus de traitement rapide, efficace et confortable. Les proc\u00e9dures comme les implants peuvent prendre un peu plus de temps, mais en attendant, nous serons ravis de discuter avec vous et de vous mettre \u00e0 l\u2019aise.<\/p>\n<h3>Un Traitement Dentaire Sans Douleur Est-il Possible ?<\/h3>\n<p>Oui, oui, et absolument oui ! Chez Surgery Time Dental, nous utilisons une technologie de pointe pour rendre votre traitement dentaire aussi indolore et confortable que possible. Avec des m\u00e9thodes innovantes comme les syst\u00e8mes d&rsquo;injection sans fil, nous \u00e9liminons la peur des aiguilles lors de l&rsquo;anesth\u00e9sie. Surtout pour des traitements comme les implants, nous assurons un engourdissement ad\u00e9quat et garantissons votre confort tout au long de la proc\u00e9dure. Apr\u00e8s le traitement, nous vous proposons des conseils pratiques pour acc\u00e9l\u00e9rer votre r\u00e9tablissement. Le traitement dentaire n\u2019est plus une exp\u00e9rience redout\u00e9e \u2013 c\u2019est une exp\u00e9rience agr\u00e9able !<\/p>\n<h3>Ai-je Besoin d&rsquo;une R\u00e9f\u00e9rence de Mon Dentiste pour \u00catre Trait\u00e9 chez Surgery Time Dental ?<\/h3>\n<p>Pas du tout ! Vous pouvez planifier une consultation directement, sans aucune proc\u00e9dure suppl\u00e9mentaire. Surgery Time Dental est l\u00e0 pour vous aider \u00e0 prendre les meilleures d\u00e9cisions. Nous accueillons des patients de nombreux pays et brisons les barri\u00e8res linguistiques gr\u00e2ce \u00e0 notre \u00e9quipe multilingue, qui parle 12 langues diff\u00e9rentes.<\/p>\n<h3>Comment Savoir Quel Traitement Me Convient le Mieux ?<\/h3>\n<p>Chaque bouche est diff\u00e9rente, et chaque sourire est unique. Nos consultations personnalis\u00e9es garantissent que vos options de traitement sont \u00e9valu\u00e9es avec une approche sur mesure. Chez Surgery Time Dental, nos experts analysent votre sant\u00e9 bucco-dentaire en d\u00e9tail et vous pr\u00e9sentent les meilleures recommandations de traitement. Imaginez votre sourire de r\u00eave \u2013 nous le r\u00e9alisons !<\/p>\n<h3>Quand Dois-je Revenir pour un Suivi Apr\u00e8s le Traitement ?<\/h3>\n<p>Notre prochaine rencontre pourrait \u00eatre pour surveiller votre r\u00e9tablissement apr\u00e8s le traitement. Suite \u00e0 des proc\u00e9dures comme les implants, nous veillons \u00e0 ce que tout gu\u00e9risse bien et que les implants s&rsquo;int\u00e8grent correctement.<\/p>\n","protected":false},"excerpt":{"rendered":"<p>Combien de Jours Sont N\u00e9cessaires pour un Traitement Dentaire ? Surprise ! La plupart des traitements dentaires peuvent \u00eatre compl\u00e9t\u00e9s dans la m\u00eame journ\u00e9e, sans les tracas des d\u00e9tails fastidieux ! Chez Surgery Time Dental, nous sommes l\u00e0 pour vous permettre de reprendre votre vie quotidienne d\u00e8s que possible apr\u00e8s votre traitement. Nous organisons un [&hellip;]<\/p>\n","protected":false},"author":1,"featured_media":0,"parent":0,"menu_order":0,"comment_status":"closed","ping_status":"closed","template":"","meta":{"footnotes":""},"class_list":["post-474","page","type-page","status-publish","hentry"],"_links":{"self":[{"href":"https:\/\/www.surgerytimedental.com\/fr\/wp-json\/wp\/v2\/pages\/474","targetHints":{"allow":["GET"]}}],"collection":[{"href":"https:\/\/www.surgerytimedental.com\/fr\/wp-json\/wp\/v2\/pages"}],"about":[{"href":"https:\/\/www.surgerytimedental.com\/fr\/wp-json\/wp\/v2\/types\/page"}],"author":[{"embeddable":true,"href":"https:\/\/www.surgerytimedental.com\/fr\/wp-json\/wp\/v2\/users\/1"}],"replies":[{"embeddable":true,"href":"https:\/\/www.surgerytimedental.com\/fr\/wp-json\/wp\/v2\/comments?post=474"}],"version-history":[{"count":7,"href":"https:\/\/www.surgerytimedental.com\/fr\/wp-json\/wp\/v2\/pages\/474\/revisions"}],"predecessor-version":[{"id":974,"href":"https:\/\/www.surgerytimedental.com\/fr\/wp-json\/wp\/v2\/pages\/474\/revisions\/974"}],"wp:attachment":[{"href":"https:\/\/www.surgerytimedental.com\/fr\/wp-json\/wp\/v2\/media?parent=474"}],"curies":[{"name":"wp","href":"https:\/\/api.w.org\/{rel}","templated":true}]}}